{"id":1064,"date":"2025-01-25T13:57:02","date_gmt":"2025-01-25T13:57:02","guid":{"rendered":"https:\/\/zo-shop.be\/?post_type=product&#038;p=1064"},"modified":"2025-07-29T14:12:02","modified_gmt":"2025-07-29T14:12:02","slug":"intensive-eye-creme-15ml","status":"publish","type":"product","link":"https:\/\/zo-shop.be\/?product=intensive-eye-creme-15ml","title":{"rendered":"Intense Eye Cr\u00e8me 15ml"},"content":{"rendered":"<p>De Intense Eye Cr\u00e8me bevat gestabiliseerd retinol voor het verminderen van de zichtbaarheid van fijne lijntjes en rimpels. De cr\u00e8me bevat optische diffusers voor het verminderen van verdikkingen en donkere kringen en verkoelende ingredi\u00ebnten voor het verminderen van gezwollen oogleden.<br \/>\nVoordelen:<br \/>\nHelpt bij het voorkomen van fijne lijntjes en rimpels<br \/>\nOptische lichtverspreiders reflecteren het licht om onvolkomenheden te minimaliseren<br \/>\nBeschermt tegen schade door vrije radicalen<\/p>\n","protected":false},"excerpt":{"rendered":"<p>De Intense Eye Cr\u00e8me bevat gestabiliseerd retinol voor het verminderen van de zichtbaarheid van fijne lijntjes en rimpels. De cr\u00e8me bevat optische diffusers voor het verminderen van verdikkingen en donkere kringen en verkoelende ingredi\u00ebnten voor het verminderen van gezwollen oogleden.<\/p>\n","protected":false},"featured_media":1091,"comment_status":"closed","ping_status":"closed","template":"","meta":{"site-sidebar-layout":"default","site-content-layout":"","ast-site-content-layout":"default","site-content-style":"default","site-sidebar-style":"default","ast-global-header-display":"","ast-banner-title-visibility":"","ast-main-header-display":"","ast-hfb-above-header-display":"","ast-hfb-below-header-display":"","ast-hfb-mobile-header-display":"","site-post-title":"","ast-breadcrumbs-content":"","ast-featured-img":"","footer-sml-layout":"","ast-disable-related-posts":"","theme-transparent-header-meta":"default","adv-header-id-meta":"","stick-header-meta":"","header-above-stick-meta":"","header-main-stick-meta":"","header-below-stick-meta":"","astra-migrate-meta-layouts":"set","ast-page-background-enabled":"default","ast-page-background-meta":{"desktop":{"background-color":"var(--ast-global-color-5)","background-image":"","background-repeat":"repeat","background-position":"center center","background-size":"auto","background-attachment":"scroll","background-type":"","background-media":"","overlay-type":"","overlay-color":"","overlay-opacity":"","overlay-gradient":""},"tablet":{"background-color":"","background-image":"","background-repeat":"repeat","background-position":"center center","background-size":"auto","background-attachment":"scroll","background-type":"","background-media":"","overlay-type":"","overlay-color":"","overlay-opacity":"","overlay-gradient":""},"mobile":{"background-color":"","background-image":"","background-repeat":"repeat","background-position":"center center","background-size":"auto","background-attachment":"scroll","background-type":"","background-media":"","overlay-type":"","overlay-color":"","overlay-opacity":"","overlay-gradient":""}},"ast-content-background-meta":{"desktop":{"background-color":"var(--ast-global-color-4)","background-image":"","background-repeat":"repeat","background-position":"center center","background-size":"auto","background-attachment":"scroll","background-type":"","background-media":"","overlay-type":"","overlay-color":"","overlay-opacity":"","overlay-gradient":""},"tablet":{"background-color":"var(--ast-global-color-4)","background-image":"","background-repeat":"repeat","background-position":"center center","background-size":"auto","background-attachment":"scroll","background-type":"","background-media":"","overlay-type":"","overlay-color":"","overlay-opacity":"","overlay-gradient":""},"mobile":{"background-color":"var(--ast-global-color-4)","background-image":"","background-repeat":"repeat","background-position":"center center","background-size":"auto","background-attachment":"scroll","background-type":"","background-media":"","overlay-type":"","overlay-color":"","overlay-opacity":"","overlay-gradient":""}}},"product_brand":[],"product_cat":[41,46,27],"product_tag":[28,23,29,30,31],"class_list":{"0":"post-1064","1":"product","2":"type-product","3":"status-publish","4":"has-post-thumbnail","6":"product_cat-anti-aging","7":"product_cat-ogen","8":"product_cat-zo-skin-health","9":"product_tag-gezonde-huid","10":"product_tag-huidverbetering","11":"product_tag-huidverzorging","12":"product_tag-zo-skin-health","13":"product_tag-zosh","14":"desktop-align-left","15":"tablet-align-left","16":"mobile-align-left","18":"first","19":"instock","20":"shipping-taxable","21":"product-type-external"},"_links":{"self":[{"href":"https:\/\/zo-shop.be\/index.php?rest_route=\/wp\/v2\/product\/1064","targetHints":{"allow":["GET"]}}],"collection":[{"href":"https:\/\/zo-shop.be\/index.php?rest_route=\/wp\/v2\/product"}],"about":[{"href":"https:\/\/zo-shop.be\/index.php?rest_route=\/wp\/v2\/types\/product"}],"replies":[{"embeddable":true,"href":"https:\/\/zo-shop.be\/index.php?rest_route=%2Fwp%2Fv2%2Fcomments&post=1064"}],"wp:featuredmedia":[{"embeddable":true,"href":"https:\/\/zo-shop.be\/index.php?rest_route=\/wp\/v2\/media\/1091"}],"wp:attachment":[{"href":"https:\/\/zo-shop.be\/index.php?rest_route=%2Fwp%2Fv2%2Fmedia&parent=1064"}],"wp:term":[{"taxonomy":"product_brand","embeddable":true,"href":"https:\/\/zo-shop.be\/index.php?rest_route=%2Fwp%2Fv2%2Fproduct_brand&post=1064"},{"taxonomy":"product_cat","embeddable":true,"href":"https:\/\/zo-shop.be\/index.php?rest_route=%2Fwp%2Fv2%2Fproduct_cat&post=1064"},{"taxonomy":"product_tag","embeddable":true,"href":"https:\/\/zo-shop.be\/index.php?rest_route=%2Fwp%2Fv2%2Fproduct_tag&post=1064"}],"curies":[{"name":"wp","href":"https:\/\/api.w.org\/{rel}","templated":true}]}}